{"id":1016,"date":"2019-09-18T21:28:00","date_gmt":"2019-09-18T21:28:00","guid":{"rendered":"https:\/\/directb2b.ca\/alternative\/"},"modified":"2024-05-29T22:24:08","modified_gmt":"2024-05-29T22:24:08","slug":"alternative","status":"publish","type":"page","link":"https:\/\/directb2b.ca\/en\/","title":{"rendered":"Landing ALTERNATIVE"},"content":{"rendered":"","protected":false},"excerpt":{"rendered":"","protected":false},"author":5,"featured_media":0,"parent":0,"menu_order":0,"comment_status":"closed","ping_status":"closed","template":"gadm_landing_page\/landing_page_gadm.php","meta":{"_acf_changed":false,"content-type":"","footnotes":""},"class_list":["post-1016","page","type-page","status-publish","hentry"],"acf":[],"yoast_head":"<!-- This site is optimized with the Yoast SEO plugin v27.3 - https:\/\/yoast.com\/product\/yoast-seo-wordpress\/ -->\n<title>Tele-Marketing |\u00a0Cold Calling Services |\u00a0B2B Telemarketing Services<\/title>\n<meta name=\"description\" content=\"For over 15 years, Direct B2B Tele-Marketing has been setting up and executing high quality B2B Telemarketing Services and cold calling campaigns. We deliver results quickly to increase your leads and sales!\" \/>\n<meta name=\"robots\" content=\"index, follow, max-snippet:-1, max-image-preview:large, max-video-preview:-1\" \/>\n<link rel=\"canonical\" href=\"https:\/\/directb2b.ca\/en\/\" \/>\n<meta property=\"og:locale\" content=\"en_US\" \/>\n<meta property=\"og:type\" content=\"article\" \/>\n<meta property=\"og:title\" content=\"Tele-Marketing |\u00a0Cold Calling Services |\u00a0B2B Telemarketing Services\" \/>\n<meta property=\"og:description\" content=\"For over 15 years, Direct B2B Tele-Marketing has been setting up and executing high quality B2B Telemarketing Services and cold calling campaigns. We deliver results quickly to increase your leads and sales!\" \/>\n<meta property=\"og:url\" content=\"https:\/\/directb2b.ca\/en\/\" \/>\n<meta property=\"og:site_name\" content=\"DIRECT B2B T\u00c9L\u00c9MARKETING\" \/>\n<meta property=\"article:modified_time\" content=\"2024-05-29T22:24:08+00:00\" \/>\n<meta name=\"twitter:card\" content=\"summary_large_image\" \/>\n<script type=\"application\/ld+json\" class=\"yoast-schema-graph\">{\"@context\":\"https:\\\/\\\/schema.org\",\"@graph\":[{\"@type\":\"WebPage\",\"@id\":\"https:\\\/\\\/directb2b.ca\\\/en\\\/\",\"url\":\"https:\\\/\\\/directb2b.ca\\\/en\\\/\",\"name\":\"Tele-Marketing |\u00a0Cold Calling Services |\u00a0B2B Telemarketing Services\",\"isPartOf\":{\"@id\":\"https:\\\/\\\/directb2b.ca\\\/en\\\/#website\"},\"datePublished\":\"2019-09-18T21:28:00+00:00\",\"dateModified\":\"2024-05-29T22:24:08+00:00\",\"description\":\"For over 15 years, Direct B2B Tele-Marketing has been setting up and executing high quality B2B Telemarketing Services and cold calling campaigns. We deliver results quickly to increase your leads and sales!\",\"breadcrumb\":{\"@id\":\"https:\\\/\\\/directb2b.ca\\\/en\\\/#breadcrumb\"},\"inLanguage\":\"en-CA\",\"potentialAction\":[{\"@type\":\"ReadAction\",\"target\":[\"https:\\\/\\\/directb2b.ca\\\/en\\\/\"]}]},{\"@type\":\"BreadcrumbList\",\"@id\":\"https:\\\/\\\/directb2b.ca\\\/en\\\/#breadcrumb\",\"itemListElement\":[{\"@type\":\"ListItem\",\"position\":1,\"name\":\"Home\",\"item\":\"https:\\\/\\\/www.directb2b.ca\\\/en\\\/\"},{\"@type\":\"ListItem\",\"position\":2,\"name\":\"Landing ALTERNATIVE\"}]},{\"@type\":\"WebSite\",\"@id\":\"https:\\\/\\\/directb2b.ca\\\/en\\\/#website\",\"url\":\"https:\\\/\\\/directb2b.ca\\\/en\\\/\",\"name\":\"DIRECT B2B T\u00c9L\u00c9MARKETING\",\"description\":\"T\u00e9l\u00e9marketing\",\"potentialAction\":[{\"@type\":\"SearchAction\",\"target\":{\"@type\":\"EntryPoint\",\"urlTemplate\":\"https:\\\/\\\/directb2b.ca\\\/en\\\/?s={search_term_string}\"},\"query-input\":{\"@type\":\"PropertyValueSpecification\",\"valueRequired\":true,\"valueName\":\"search_term_string\"}}],\"inLanguage\":\"en-CA\"}]}<\/script>\n<!-- \/ Yoast SEO plugin. -->","yoast_head_json":{"title":"Tele-Marketing |\u00a0Cold Calling Services |\u00a0B2B Telemarketing Services","description":"For over 15 years, Direct B2B Tele-Marketing has been setting up and executing high quality B2B Telemarketing Services and cold calling campaigns. We deliver results quickly to increase your leads and sales!","robots":{"index":"index","follow":"follow","max-snippet":"max-snippet:-1","max-image-preview":"max-image-preview:large","max-video-preview":"max-video-preview:-1"},"canonical":"https:\/\/directb2b.ca\/en\/","og_locale":"en_US","og_type":"article","og_title":"Tele-Marketing |\u00a0Cold Calling Services |\u00a0B2B Telemarketing Services","og_description":"For over 15 years, Direct B2B Tele-Marketing has been setting up and executing high quality B2B Telemarketing Services and cold calling campaigns. We deliver results quickly to increase your leads and sales!","og_url":"https:\/\/directb2b.ca\/en\/","og_site_name":"DIRECT B2B T\u00c9L\u00c9MARKETING","article_modified_time":"2024-05-29T22:24:08+00:00","twitter_card":"summary_large_image","schema":{"@context":"https:\/\/schema.org","@graph":[{"@type":"WebPage","@id":"https:\/\/directb2b.ca\/en\/","url":"https:\/\/directb2b.ca\/en\/","name":"Tele-Marketing |\u00a0Cold Calling Services |\u00a0B2B Telemarketing Services","isPartOf":{"@id":"https:\/\/directb2b.ca\/en\/#website"},"datePublished":"2019-09-18T21:28:00+00:00","dateModified":"2024-05-29T22:24:08+00:00","description":"For over 15 years, Direct B2B Tele-Marketing has been setting up and executing high quality B2B Telemarketing Services and cold calling campaigns. We deliver results quickly to increase your leads and sales!","breadcrumb":{"@id":"https:\/\/directb2b.ca\/en\/#breadcrumb"},"inLanguage":"en-CA","potentialAction":[{"@type":"ReadAction","target":["https:\/\/directb2b.ca\/en\/"]}]},{"@type":"BreadcrumbList","@id":"https:\/\/directb2b.ca\/en\/#breadcrumb","itemListElement":[{"@type":"ListItem","position":1,"name":"Home","item":"https:\/\/www.directb2b.ca\/en\/"},{"@type":"ListItem","position":2,"name":"Landing ALTERNATIVE"}]},{"@type":"WebSite","@id":"https:\/\/directb2b.ca\/en\/#website","url":"https:\/\/directb2b.ca\/en\/","name":"DIRECT B2B T\u00c9L\u00c9MARKETING","description":"T\u00e9l\u00e9marketing","potentialAction":[{"@type":"SearchAction","target":{"@type":"EntryPoint","urlTemplate":"https:\/\/directb2b.ca\/en\/?s={search_term_string}"},"query-input":{"@type":"PropertyValueSpecification","valueRequired":true,"valueName":"search_term_string"}}],"inLanguage":"en-CA"}]}},"_links":{"self":[{"href":"https:\/\/directb2b.ca\/en\/wp-json\/wp\/v2\/pages\/1016","targetHints":{"allow":["GET"]}}],"collection":[{"href":"https:\/\/directb2b.ca\/en\/wp-json\/wp\/v2\/pages"}],"about":[{"href":"https:\/\/directb2b.ca\/en\/wp-json\/wp\/v2\/types\/page"}],"author":[{"embeddable":true,"href":"https:\/\/directb2b.ca\/en\/wp-json\/wp\/v2\/users\/5"}],"replies":[{"embeddable":true,"href":"https:\/\/directb2b.ca\/en\/wp-json\/wp\/v2\/comments?post=1016"}],"version-history":[{"count":10,"href":"https:\/\/directb2b.ca\/en\/wp-json\/wp\/v2\/pages\/1016\/revisions"}],"predecessor-version":[{"id":1707,"href":"https:\/\/directb2b.ca\/en\/wp-json\/wp\/v2\/pages\/1016\/revisions\/1707"}],"wp:attachment":[{"href":"https:\/\/directb2b.ca\/en\/wp-json\/wp\/v2\/media?parent=1016"}],"curies":[{"name":"wp","href":"https:\/\/api.w.org\/{rel}","templated":true}]}}