{"id":1046,"date":"2022-06-30T04:50:29","date_gmt":"2022-06-30T04:50:29","guid":{"rendered":"https:\/\/directb2b.ca\/nos-solutions-dinvitation-a-des-evenements\/"},"modified":"2022-07-13T10:56:19","modified_gmt":"2022-07-13T10:56:19","slug":"our-event-invitation-solutions","status":"publish","type":"page","link":"https:\/\/directb2b.ca\/en\/our-event-invitation-solutions\/","title":{"rendered":"Our event invitation solutions"},"content":{"rendered":"<p>Organising an event can quickly become a headache for organisers. Trust us to manage the invitation list and contact the most qualified decision makers.<\/p>\n<h2>Ensure the success of your events!<\/h2>\n<p>Whether it&#8217;s a conference, a fundraiser, a product launch or any other event, motivating guests to attend is a prerequisite to ensure the success of your event. As the work has to be done within a period of 3 to 6 weeks before the event, invitation campaigns are often very intense.<\/p>\n<p>This type of telemarketing requires a high level of expertise in terms of commercial canvassing: identifying the right decision-makers and getting them interested with a short and effective sales pitch. Direct B2B Telemarketing excels in both of these tasks, which will enable you to obtain a maximum number of registrations for your event.<\/p>\n<p>In addition, the large number of people contacted and identified by telephone provides excellent material for continued follow-up marketing throughout the year, bringing you more <strong>qualified prospects<\/strong>!<\/p>\n<p>Direct B2B Telemarketing has notably helped several companies with annual conferences, including the R2i Summit, with great success.<\/p>\n<h2>Our strengths:<\/h2>\n<ul>\n<li>We are capable of handling a very high volume of calls in a short period of time.<\/li>\n<li>Our resources excel at capturing the attention of decision-makers and delivering the message with the highest possible quality.<\/li>\n<li>The structure of our pitches is designed to get straight to the point of the call to maximize effectiveness and the number of registrants.<\/li>\n<\/ul>\n<h3>Submission form<\/h3>\n<p><strong>Tired of canceled or postponed appointments? Want to get appointments with prospects who are really interested in your products or services?<\/strong><\/p>\n<p>Please fill out the form below to give us more information about your event. We will contact you as soon as possible.<\/p>\n<div class=\"wpforms-container wpforms-container-full\" id=\"wpforms-849\"><form id=\"wpforms-form-849\" class=\"wpforms-validate wpforms-form\" data-formid=\"849\" method=\"post\" enctype=\"multipart\/form-data\" action=\"\/en\/wp-json\/wp\/v2\/pages\/1046\" data-token=\"b4a3ce32d6271053d30aac1cc7ad0327\" data-token-time=\"1777712978\"><noscript class=\"wpforms-error-noscript\">Please enable JavaScript in your browser to complete this form.<\/noscript><div class=\"wpforms-field-container\"><div id=\"wpforms-849-field_5-container\" class=\"wpforms-field wpforms-field-text\" data-field-id=\"5\"><label class=\"wpforms-field-label\" for=\"wpforms-849-field_5\">First and last name <span class=\"wpforms-required-label\">*<\/span><\/label><input type=\"text\" id=\"wpforms-849-field_5\" class=\"wpforms-field-medium wpforms-field-required\" name=\"wpforms[fields][5]\" required><\/div><div id=\"wpforms-849-field_6-container\" class=\"wpforms-field wpforms-field-text\" data-field-id=\"6\"><label class=\"wpforms-field-label\" for=\"wpforms-849-field_6\">Name of the company<\/label><input type=\"text\" id=\"wpforms-849-field_6\" class=\"wpforms-field-medium\" name=\"wpforms[fields][6]\" ><\/div><div id=\"wpforms-849-field_8-container\" class=\"wpforms-field wpforms-field-number\" data-field-id=\"8\"><label class=\"wpforms-field-label\" for=\"wpforms-849-field_8\">Phone number <span class=\"wpforms-required-label\">*<\/span><\/label><input type=\"number\" id=\"wpforms-849-field_8\" class=\"wpforms-field-medium wpforms-field-required\" name=\"wpforms[fields][8]\" step=\"any\" required><\/div><div id=\"wpforms-849-field_1-container\" class=\"wpforms-field wpforms-field-email\" data-field-id=\"1\"><label class=\"wpforms-field-label\" for=\"wpforms-849-field_1\">Email <span class=\"wpforms-required-label\">*<\/span><\/label><input type=\"email\" id=\"wpforms-849-field_1\" class=\"wpforms-field-medium wpforms-field-required\" name=\"wpforms[fields][1]\" spellcheck=\"false\" required><\/div><div id=\"wpforms-849-field_2-container\" class=\"wpforms-field wpforms-field-textarea\" data-field-id=\"2\"><label class=\"wpforms-field-label\" for=\"wpforms-849-field_2\">Message <span class=\"wpforms-required-label\">*<\/span><\/label><textarea id=\"wpforms-849-field_2\" class=\"wpforms-field-medium wpforms-field-required\" name=\"wpforms[fields][2]\" required><\/textarea><\/div><\/div><!-- .wpforms-field-container --><div class=\"wpforms-field wpforms-field-hp\"><label for=\"wpforms-849-field-hp\" class=\"wpforms-field-label\">Email<\/label><input type=\"text\" name=\"wpforms[hp]\" id=\"wpforms-849-field-hp\" class=\"wpforms-field-medium\"><\/div><div class=\"wpforms-recaptcha-container wpforms-is-recaptcha wpforms-is-recaptcha-type-v3\" ><input type=\"hidden\" name=\"wpforms[recaptcha]\" value=\"\"><\/div><div class=\"wpforms-submit-container\" ><input type=\"hidden\" name=\"wpforms[id]\" value=\"849\"><input type=\"hidden\" name=\"page_title\" value=\"\"><input type=\"hidden\" name=\"page_url\" value=\"https:\/\/directb2b.ca\/en\/wp-json\/wp\/v2\/pages\/1046\"><input type=\"hidden\" name=\"url_referer\" value=\"\"><button type=\"submit\" name=\"wpforms[submit]\" id=\"wpforms-submit-849\" class=\"wpforms-submit\" data-alt-text=\"Sending...\" data-submit-text=\"Submit\" aria-live=\"assertive\" value=\"wpforms-submit\">Submit<\/button><\/div><\/form><\/div>  <!-- .wpforms-container -->\n","protected":false},"excerpt":{"rendered":"<p>Organising an event can quickly become a headache for organisers. Trust us to manage the invitation list and contact the most qualified decision makers. Ensure the success of your events! Whether it&#8217;s a conference, a fundraiser, a product launch or any other event, motivating guests to attend is a prerequisite to ensure the success of &hellip; <a href=\"https:\/\/directb2b.ca\/en\/our-event-invitation-solutions\/\" class=\"more-link\">Continue reading<span class=\"screen-reader-text\"> &#8220;Our event invitation solutions&#8221;<\/span><\/a><\/p>\n","protected":false},"author":5,"featured_media":0,"parent":0,"menu_order":0,"comment_status":"closed","ping_status":"closed","template":"","meta":{"_acf_changed":false,"content-type":"","footnotes":""},"class_list":["post-1046","page","type-page","status-publish","hentry"],"acf":[],"yoast_head":"<!-- This site is optimized with the Yoast SEO plugin v27.5 - https:\/\/yoast.com\/product\/yoast-seo-wordpress\/ -->\n<title>our event invitation solutions<\/title>\n<meta name=\"description\" content=\"Discover our event invitation services and trust us to manage the invitation list and contact the most qualified decision makers.\" \/>\n<meta name=\"robots\" content=\"index, follow, max-snippet:-1, max-image-preview:large, max-video-preview:-1\" \/>\n<link rel=\"canonical\" href=\"https:\/\/directb2b.ca\/en\/our-event-invitation-solutions\/\" \/>\n<meta property=\"og:locale\" content=\"en_US\" \/>\n<meta property=\"og:type\" content=\"article\" \/>\n<meta property=\"og:title\" content=\"our event invitation solutions\" \/>\n<meta property=\"og:description\" content=\"Discover our event invitation services and trust us to manage the invitation list and contact the most qualified decision makers.\" \/>\n<meta property=\"og:url\" content=\"https:\/\/directb2b.ca\/en\/our-event-invitation-solutions\/\" \/>\n<meta property=\"og:site_name\" content=\"DIRECT B2B T\u00c9L\u00c9MARKETING\" \/>\n<meta property=\"article:modified_time\" content=\"2022-07-13T10:56:19+00:00\" \/>\n<meta name=\"twitter:card\" content=\"summary_large_image\" \/>\n<meta name=\"twitter:label1\" content=\"Est. reading time\" \/>\n\t<meta name=\"twitter:data1\" content=\"2 minutes\" \/>\n<script type=\"application\/ld+json\" class=\"yoast-schema-graph\">{\"@context\":\"https:\\\/\\\/schema.org\",\"@graph\":[{\"@type\":\"WebPage\",\"@id\":\"https:\\\/\\\/directb2b.ca\\\/en\\\/our-event-invitation-solutions\\\/\",\"url\":\"https:\\\/\\\/directb2b.ca\\\/en\\\/our-event-invitation-solutions\\\/\",\"name\":\"our event invitation solutions\",\"isPartOf\":{\"@id\":\"https:\\\/\\\/www.directb2b.ca\\\/en\\\/#website\"},\"datePublished\":\"2022-06-30T04:50:29+00:00\",\"dateModified\":\"2022-07-13T10:56:19+00:00\",\"description\":\"Discover our event invitation services and trust us to manage the invitation list and contact the most qualified decision makers.\",\"breadcrumb\":{\"@id\":\"https:\\\/\\\/directb2b.ca\\\/en\\\/our-event-invitation-solutions\\\/#breadcrumb\"},\"inLanguage\":\"en-CA\",\"potentialAction\":[{\"@type\":\"ReadAction\",\"target\":[\"https:\\\/\\\/directb2b.ca\\\/en\\\/our-event-invitation-solutions\\\/\"]}]},{\"@type\":\"BreadcrumbList\",\"@id\":\"https:\\\/\\\/directb2b.ca\\\/en\\\/our-event-invitation-solutions\\\/#breadcrumb\",\"itemListElement\":[{\"@type\":\"ListItem\",\"position\":1,\"name\":\"Home\",\"item\":\"https:\\\/\\\/www.directb2b.ca\\\/en\\\/\"},{\"@type\":\"ListItem\",\"position\":2,\"name\":\"Our event invitation solutions\"}]},{\"@type\":\"WebSite\",\"@id\":\"https:\\\/\\\/www.directb2b.ca\\\/en\\\/#website\",\"url\":\"https:\\\/\\\/www.directb2b.ca\\\/en\\\/\",\"name\":\"DIRECT B2B T\u00c9L\u00c9MARKETING\",\"description\":\"T\u00e9l\u00e9marketing\",\"potentialAction\":[{\"@type\":\"SearchAction\",\"target\":{\"@type\":\"EntryPoint\",\"urlTemplate\":\"https:\\\/\\\/www.directb2b.ca\\\/en\\\/?s={search_term_string}\"},\"query-input\":{\"@type\":\"PropertyValueSpecification\",\"valueRequired\":true,\"valueName\":\"search_term_string\"}}],\"inLanguage\":\"en-CA\"}]}<\/script>\n<!-- \/ Yoast SEO plugin. -->","yoast_head_json":{"title":"our event invitation solutions","description":"Discover our event invitation services and trust us to manage the invitation list and contact the most qualified decision makers.","robots":{"index":"index","follow":"follow","max-snippet":"max-snippet:-1","max-image-preview":"max-image-preview:large","max-video-preview":"max-video-preview:-1"},"canonical":"https:\/\/directb2b.ca\/en\/our-event-invitation-solutions\/","og_locale":"en_US","og_type":"article","og_title":"our event invitation solutions","og_description":"Discover our event invitation services and trust us to manage the invitation list and contact the most qualified decision makers.","og_url":"https:\/\/directb2b.ca\/en\/our-event-invitation-solutions\/","og_site_name":"DIRECT B2B T\u00c9L\u00c9MARKETING","article_modified_time":"2022-07-13T10:56:19+00:00","twitter_card":"summary_large_image","twitter_misc":{"Est. reading time":"2 minutes"},"schema":{"@context":"https:\/\/schema.org","@graph":[{"@type":"WebPage","@id":"https:\/\/directb2b.ca\/en\/our-event-invitation-solutions\/","url":"https:\/\/directb2b.ca\/en\/our-event-invitation-solutions\/","name":"our event invitation solutions","isPartOf":{"@id":"https:\/\/www.directb2b.ca\/en\/#website"},"datePublished":"2022-06-30T04:50:29+00:00","dateModified":"2022-07-13T10:56:19+00:00","description":"Discover our event invitation services and trust us to manage the invitation list and contact the most qualified decision makers.","breadcrumb":{"@id":"https:\/\/directb2b.ca\/en\/our-event-invitation-solutions\/#breadcrumb"},"inLanguage":"en-CA","potentialAction":[{"@type":"ReadAction","target":["https:\/\/directb2b.ca\/en\/our-event-invitation-solutions\/"]}]},{"@type":"BreadcrumbList","@id":"https:\/\/directb2b.ca\/en\/our-event-invitation-solutions\/#breadcrumb","itemListElement":[{"@type":"ListItem","position":1,"name":"Home","item":"https:\/\/www.directb2b.ca\/en\/"},{"@type":"ListItem","position":2,"name":"Our event invitation solutions"}]},{"@type":"WebSite","@id":"https:\/\/www.directb2b.ca\/en\/#website","url":"https:\/\/www.directb2b.ca\/en\/","name":"DIRECT B2B T\u00c9L\u00c9MARKETING","description":"T\u00e9l\u00e9marketing","potentialAction":[{"@type":"SearchAction","target":{"@type":"EntryPoint","urlTemplate":"https:\/\/www.directb2b.ca\/en\/?s={search_term_string}"},"query-input":{"@type":"PropertyValueSpecification","valueRequired":true,"valueName":"search_term_string"}}],"inLanguage":"en-CA"}]}},"_links":{"self":[{"href":"https:\/\/directb2b.ca\/en\/wp-json\/wp\/v2\/pages\/1046","targetHints":{"allow":["GET"]}}],"collection":[{"href":"https:\/\/directb2b.ca\/en\/wp-json\/wp\/v2\/pages"}],"about":[{"href":"https:\/\/directb2b.ca\/en\/wp-json\/wp\/v2\/types\/page"}],"author":[{"embeddable":true,"href":"https:\/\/directb2b.ca\/en\/wp-json\/wp\/v2\/users\/5"}],"replies":[{"embeddable":true,"href":"https:\/\/directb2b.ca\/en\/wp-json\/wp\/v2\/comments?post=1046"}],"version-history":[{"count":5,"href":"https:\/\/directb2b.ca\/en\/wp-json\/wp\/v2\/pages\/1046\/revisions"}],"predecessor-version":[{"id":1208,"href":"https:\/\/directb2b.ca\/en\/wp-json\/wp\/v2\/pages\/1046\/revisions\/1208"}],"wp:attachment":[{"href":"https:\/\/directb2b.ca\/en\/wp-json\/wp\/v2\/media?parent=1046"}],"curies":[{"name":"wp","href":"https:\/\/api.w.org\/{rel}","templated":true}]}}