{"id":1732,"date":"2024-10-26T20:23:00","date_gmt":"2024-10-26T20:23:00","guid":{"rendered":"https:\/\/directb2b.azurewebsites.net\/?page_id=1732"},"modified":"2024-10-26T21:11:06","modified_gmt":"2024-10-26T21:11:06","slug":"ai-solutions","status":"publish","type":"page","link":"https:\/\/directb2b.ca\/en\/ai-solutions\/","title":{"rendered":"AI-powered Solutions"},"content":{"rendered":"\t\t<div data-elementor-type=\"wp-page\" data-elementor-id=\"1732\" class=\"elementor elementor-1732 elementor-1715\">\n\t\t\t\t\t\t<section class=\"elementor-section elementor-top-section elementor-element elementor-element-ca52c48 elementor-section-boxed elementor-section-height-default elementor-section-height-default\" data-id=\"ca52c48\" data-element_type=\"section\" data-e-type=\"section\">\n\t\t\t\t\t\t<div class=\"elementor-container elementor-column-gap-default\">\n\t\t\t\t\t<div class=\"elementor-column elementor-col-100 elementor-top-column elementor-element elementor-element-158f2b3\" data-id=\"158f2b3\" data-element_type=\"column\" data-e-type=\"column\">\n\t\t\t<div class=\"elementor-widget-wrap elementor-element-populated\">\n\t\t\t\t\t\t<div class=\"elementor-element elementor-element-dc7bd93 elementor-widget elementor-widget-heading\" data-id=\"dc7bd93\" data-element_type=\"widget\" data-e-type=\"widget\" data-widget_type=\"heading.default\">\n\t\t\t\t<div class=\"elementor-widget-container\">\n\t\t\t\t\t<h2 class=\"elementor-heading-title elementor-size-default\">Transform Your Sales and Customer Service with AI-Powered Solutions<\/h2>\t\t\t\t<\/div>\n\t\t\t\t<\/div>\n\t\t\t\t\t<\/div>\n\t\t<\/div>\n\t\t\t\t\t<\/div>\n\t\t<\/section>\n\t\t\t\t<section class=\"elementor-section elementor-top-section elementor-element elementor-element-d058757 elementor-section-boxed elementor-section-height-default elementor-section-height-default\" data-id=\"d058757\" data-element_type=\"section\" data-e-type=\"section\">\n\t\t\t\t\t\t<div class=\"elementor-container elementor-column-gap-default\">\n\t\t\t\t\t<div class=\"elementor-column elementor-col-100 elementor-top-column elementor-element elementor-element-2f1f371\" data-id=\"2f1f371\" data-element_type=\"column\" data-e-type=\"column\">\n\t\t\t<div class=\"elementor-widget-wrap elementor-element-populated\">\n\t\t\t\t\t\t<section class=\"elementor-section elementor-inner-section elementor-element elementor-element-b1005f0 elementor-section-boxed elementor-section-height-default elementor-section-height-default\" data-id=\"b1005f0\" data-element_type=\"section\" data-e-type=\"section\">\n\t\t\t\t\t\t<div class=\"elementor-container elementor-column-gap-default\">\n\t\t\t\t\t<div class=\"elementor-column elementor-col-50 elementor-inner-column elementor-element elementor-element-01b4595\" data-id=\"01b4595\" data-element_type=\"column\" data-e-type=\"column\">\n\t\t\t<div class=\"elementor-widget-wrap elementor-element-populated\">\n\t\t\t\t\t\t<div class=\"elementor-element elementor-element-973fb49 elementor-widget elementor-widget-image\" data-id=\"973fb49\" data-element_type=\"widget\" data-e-type=\"widget\" data-widget_type=\"image.default\">\n\t\t\t\t<div class=\"elementor-widget-container\">\n\t\t\t\t\t\t\t\t\t\t\t\t\t\t\t<img fetchpriority=\"high\" decoding=\"async\" width=\"1024\" height=\"576\" src=\"\/wp-content\/uploads\/2024\/10\/direct-b2b-ai-solutions-for-enhancing-customer-service-and-sales-operations-1-1024x576.jpg\" class=\"attachment-large size-large wp-image-1721\" alt=\"\" srcset=\"\/wp-content\/uploads\/2024\/10\/direct-b2b-ai-solutions-for-enhancing-customer-service-and-sales-operations-1-1024x576.jpg 1024w, \/wp-content\/uploads\/2024\/10\/direct-b2b-ai-solutions-for-enhancing-customer-service-and-sales-operations-1-300x169.jpg 300w, \/wp-content\/uploads\/2024\/10\/direct-b2b-ai-solutions-for-enhancing-customer-service-and-sales-operations-1-768x432.jpg 768w, \/wp-content\/uploads\/2024\/10\/direct-b2b-ai-solutions-for-enhancing-customer-service-and-sales-operations-1-1200x675.jpg 1200w, \/wp-content\/uploads\/2024\/10\/direct-b2b-ai-solutions-for-enhancing-customer-service-and-sales-operations-1.jpg 1280w\" sizes=\"(max-width: 1024px) 100vw, 1024px\" \/>\t\t\t\t\t\t\t\t\t\t\t\t\t\t\t<\/div>\n\t\t\t\t<\/div>\n\t\t\t\t\t<\/div>\n\t\t<\/div>\n\t\t\t\t<div class=\"elementor-column elementor-col-50 elementor-inner-column elementor-element elementor-element-67ca582\" data-id=\"67ca582\" data-element_type=\"column\" data-e-type=\"column\">\n\t\t\t<div class=\"elementor-widget-wrap elementor-element-populated\">\n\t\t\t\t\t\t<div class=\"elementor-element elementor-element-a9288bc elementor-widget elementor-widget-text-editor\" data-id=\"a9288bc\" data-element_type=\"widget\" data-e-type=\"widget\" data-widget_type=\"text-editor.default\">\n\t\t\t\t<div class=\"elementor-widget-container\">\n\t\t\t\t\t\t\t\t\t<p>At DirectB2B, we specialize in transforming data into actionable insights with a focus on advanced AI-powered solutions. Our expertise in lead generation and appointment setting is tailored to your industry and target audience, ensuring we stay ahead of industry trends and technologies to secure meaningful appointments and expand your client base.<\/p><p>\u00a0<\/p><p>Click below to be taken to our AI Solutions website.<\/p>\t\t\t\t\t\t\t\t<\/div>\n\t\t\t\t<\/div>\n\t\t\t\t<div class=\"elementor-element elementor-element-ec609ec elementor-widget elementor-widget-button\" data-id=\"ec609ec\" data-element_type=\"widget\" data-e-type=\"widget\" data-widget_type=\"button.default\">\n\t\t\t\t<div class=\"elementor-widget-container\">\n\t\t\t\t\t\t\t\t\t<div class=\"elementor-button-wrapper\">\n\t\t\t\t\t<a class=\"elementor-button elementor-button-link elementor-size-sm\" href=\"https:\/\/my-directb2b.com\/\" target=\"_blank\">\n\t\t\t\t\t\t<span class=\"elementor-button-content-wrapper\">\n\t\t\t\t\t\t\t\t\t<span class=\"elementor-button-text\">Learn More<\/span>\n\t\t\t\t\t<\/span>\n\t\t\t\t\t<\/a>\n\t\t\t\t<\/div>\n\t\t\t\t\t\t\t\t<\/div>\n\t\t\t\t<\/div>\n\t\t\t\t\t<\/div>\n\t\t<\/div>\n\t\t\t\t\t<\/div>\n\t\t<\/section>\n\t\t\t\t\t<\/div>\n\t\t<\/div>\n\t\t\t\t\t<\/div>\n\t\t<\/section>\n\t\t\t\t<\/div>\n\t\t","protected":false},"excerpt":{"rendered":"<p>Transform Your Sales and Customer Service with AI-Powered Solutions At DirectB2B, we specialize in transforming data into actionable insights with a focus on advanced AI-powered solutions. Our expertise in lead generation and appointment setting is tailored to your industry and target audience, ensuring we stay ahead of industry trends and technologies to secure meaningful appointments &hellip; <a href=\"https:\/\/directb2b.ca\/en\/ai-solutions\/\" class=\"more-link\">Continue reading<span class=\"screen-reader-text\"> &#8220;AI-powered Solutions&#8221;<\/span><\/a><\/p>\n","protected":false},"author":5,"featured_media":1719,"parent":0,"menu_order":0,"comment_status":"closed","ping_status":"closed","template":"elementor_header_footer","meta":{"_acf_changed":false,"content-type":"","footnotes":""},"class_list":["post-1732","page","type-page","status-publish","has-post-thumbnail","hentry"],"acf":[],"yoast_head":"<!-- This site is optimized with the Yoast SEO plugin v27.4 - https:\/\/yoast.com\/product\/yoast-seo-wordpress\/ -->\n<title>AI-powered Solutions - DIRECT B2B T\u00c9L\u00c9MARKETING<\/title>\n<meta name=\"description\" content=\"At DirectB2B, we specialize in transforming data into actionable insights with AI-powered solutions.\" \/>\n<meta name=\"robots\" content=\"index, follow, max-snippet:-1, max-image-preview:large, max-video-preview:-1\" \/>\n<link rel=\"canonical\" href=\"https:\/\/directb2b.ca\/en\/ai-solutions\/\" \/>\n<meta property=\"og:locale\" content=\"en_US\" \/>\n<meta property=\"og:type\" content=\"article\" \/>\n<meta property=\"og:title\" content=\"AI-powered Solutions - DIRECT B2B T\u00c9L\u00c9MARKETING\" \/>\n<meta property=\"og:description\" content=\"At DirectB2B, we specialize in transforming data into actionable insights with AI-powered solutions.\" \/>\n<meta property=\"og:url\" content=\"https:\/\/directb2b.ca\/en\/ai-solutions\/\" \/>\n<meta property=\"og:site_name\" content=\"DIRECT B2B T\u00c9L\u00c9MARKETING\" \/>\n<meta property=\"article:modified_time\" content=\"2024-10-26T21:11:06+00:00\" \/>\n<meta property=\"og:image\" content=\"https:\/\/directb2b.ca\/wp-content\/uploads\/2024\/10\/direct-b2b-ai-solutions-for-enhancing-customer-service-and-sales-operations.jpg\" \/>\n\t<meta property=\"og:image:width\" content=\"1280\" \/>\n\t<meta property=\"og:image:height\" content=\"720\" \/>\n\t<meta property=\"og:image:type\" content=\"image\/jpeg\" \/>\n<meta name=\"twitter:card\" content=\"summary_large_image\" \/>\n<meta name=\"twitter:label1\" content=\"Est. reading time\" \/>\n\t<meta name=\"twitter:data1\" content=\"1 minute\" \/>\n<script type=\"application\/ld+json\" class=\"yoast-schema-graph\">{\"@context\":\"https:\\\/\\\/schema.org\",\"@graph\":[{\"@type\":\"WebPage\",\"@id\":\"https:\\\/\\\/directb2b.ca\\\/en\\\/ai-solutions\\\/\",\"url\":\"https:\\\/\\\/directb2b.ca\\\/en\\\/ai-solutions\\\/\",\"name\":\"AI-powered Solutions - DIRECT B2B T\u00c9L\u00c9MARKETING\",\"isPartOf\":{\"@id\":\"https:\\\/\\\/directb2b.ca\\\/en\\\/#website\"},\"primaryImageOfPage\":{\"@id\":\"https:\\\/\\\/directb2b.ca\\\/en\\\/ai-solutions\\\/#primaryimage\"},\"image\":{\"@id\":\"https:\\\/\\\/directb2b.ca\\\/en\\\/ai-solutions\\\/#primaryimage\"},\"thumbnailUrl\":\"\\\/wp-content\\\/uploads\\\/2024\\\/10\\\/direct-b2b-ai-solutions-for-enhancing-customer-service-and-sales-operations.jpg\",\"datePublished\":\"2024-10-26T20:23:00+00:00\",\"dateModified\":\"2024-10-26T21:11:06+00:00\",\"description\":\"At DirectB2B, we specialize in transforming data into actionable insights with AI-powered solutions.\",\"breadcrumb\":{\"@id\":\"https:\\\/\\\/directb2b.ca\\\/en\\\/ai-solutions\\\/#breadcrumb\"},\"inLanguage\":\"en-CA\",\"potentialAction\":[{\"@type\":\"ReadAction\",\"target\":[\"https:\\\/\\\/directb2b.ca\\\/en\\\/ai-solutions\\\/\"]}]},{\"@type\":\"ImageObject\",\"inLanguage\":\"en-CA\",\"@id\":\"https:\\\/\\\/directb2b.ca\\\/en\\\/ai-solutions\\\/#primaryimage\",\"url\":\"\\\/wp-content\\\/uploads\\\/2024\\\/10\\\/direct-b2b-ai-solutions-for-enhancing-customer-service-and-sales-operations.jpg\",\"contentUrl\":\"\\\/wp-content\\\/uploads\\\/2024\\\/10\\\/direct-b2b-ai-solutions-for-enhancing-customer-service-and-sales-operations.jpg\",\"width\":1280,\"height\":720},{\"@type\":\"BreadcrumbList\",\"@id\":\"https:\\\/\\\/directb2b.ca\\\/en\\\/ai-solutions\\\/#breadcrumb\",\"itemListElement\":[{\"@type\":\"ListItem\",\"position\":1,\"name\":\"Home\",\"item\":\"https:\\\/\\\/www.directb2b.ca\\\/en\\\/\"},{\"@type\":\"ListItem\",\"position\":2,\"name\":\"AI-powered Solutions\"}]},{\"@type\":\"WebSite\",\"@id\":\"https:\\\/\\\/directb2b.ca\\\/en\\\/#website\",\"url\":\"https:\\\/\\\/directb2b.ca\\\/en\\\/\",\"name\":\"DIRECT B2B T\u00c9L\u00c9MARKETING\",\"description\":\"T\u00e9l\u00e9marketing\",\"potentialAction\":[{\"@type\":\"SearchAction\",\"target\":{\"@type\":\"EntryPoint\",\"urlTemplate\":\"https:\\\/\\\/directb2b.ca\\\/en\\\/?s={search_term_string}\"},\"query-input\":{\"@type\":\"PropertyValueSpecification\",\"valueRequired\":true,\"valueName\":\"search_term_string\"}}],\"inLanguage\":\"en-CA\"}]}<\/script>\n<!-- \/ Yoast SEO plugin. -->","yoast_head_json":{"title":"AI-powered Solutions - DIRECT B2B T\u00c9L\u00c9MARKETING","description":"At DirectB2B, we specialize in transforming data into actionable insights with AI-powered solutions.","robots":{"index":"index","follow":"follow","max-snippet":"max-snippet:-1","max-image-preview":"max-image-preview:large","max-video-preview":"max-video-preview:-1"},"canonical":"https:\/\/directb2b.ca\/en\/ai-solutions\/","og_locale":"en_US","og_type":"article","og_title":"AI-powered Solutions - DIRECT B2B T\u00c9L\u00c9MARKETING","og_description":"At DirectB2B, we specialize in transforming data into actionable insights with AI-powered solutions.","og_url":"https:\/\/directb2b.ca\/en\/ai-solutions\/","og_site_name":"DIRECT B2B T\u00c9L\u00c9MARKETING","article_modified_time":"2024-10-26T21:11:06+00:00","og_image":[{"width":1280,"height":720,"url":"https:\/\/directb2b.ca\/wp-content\/uploads\/2024\/10\/direct-b2b-ai-solutions-for-enhancing-customer-service-and-sales-operations.jpg","type":"image\/jpeg"}],"twitter_card":"summary_large_image","twitter_misc":{"Est. reading time":"1 minute"},"schema":{"@context":"https:\/\/schema.org","@graph":[{"@type":"WebPage","@id":"https:\/\/directb2b.ca\/en\/ai-solutions\/","url":"https:\/\/directb2b.ca\/en\/ai-solutions\/","name":"AI-powered Solutions - DIRECT B2B T\u00c9L\u00c9MARKETING","isPartOf":{"@id":"https:\/\/directb2b.ca\/en\/#website"},"primaryImageOfPage":{"@id":"https:\/\/directb2b.ca\/en\/ai-solutions\/#primaryimage"},"image":{"@id":"https:\/\/directb2b.ca\/en\/ai-solutions\/#primaryimage"},"thumbnailUrl":"\/wp-content\/uploads\/2024\/10\/direct-b2b-ai-solutions-for-enhancing-customer-service-and-sales-operations.jpg","datePublished":"2024-10-26T20:23:00+00:00","dateModified":"2024-10-26T21:11:06+00:00","description":"At DirectB2B, we specialize in transforming data into actionable insights with AI-powered solutions.","breadcrumb":{"@id":"https:\/\/directb2b.ca\/en\/ai-solutions\/#breadcrumb"},"inLanguage":"en-CA","potentialAction":[{"@type":"ReadAction","target":["https:\/\/directb2b.ca\/en\/ai-solutions\/"]}]},{"@type":"ImageObject","inLanguage":"en-CA","@id":"https:\/\/directb2b.ca\/en\/ai-solutions\/#primaryimage","url":"\/wp-content\/uploads\/2024\/10\/direct-b2b-ai-solutions-for-enhancing-customer-service-and-sales-operations.jpg","contentUrl":"\/wp-content\/uploads\/2024\/10\/direct-b2b-ai-solutions-for-enhancing-customer-service-and-sales-operations.jpg","width":1280,"height":720},{"@type":"BreadcrumbList","@id":"https:\/\/directb2b.ca\/en\/ai-solutions\/#breadcrumb","itemListElement":[{"@type":"ListItem","position":1,"name":"Home","item":"https:\/\/www.directb2b.ca\/en\/"},{"@type":"ListItem","position":2,"name":"AI-powered Solutions"}]},{"@type":"WebSite","@id":"https:\/\/directb2b.ca\/en\/#website","url":"https:\/\/directb2b.ca\/en\/","name":"DIRECT B2B T\u00c9L\u00c9MARKETING","description":"T\u00e9l\u00e9marketing","potentialAction":[{"@type":"SearchAction","target":{"@type":"EntryPoint","urlTemplate":"https:\/\/directb2b.ca\/en\/?s={search_term_string}"},"query-input":{"@type":"PropertyValueSpecification","valueRequired":true,"valueName":"search_term_string"}}],"inLanguage":"en-CA"}]}},"_links":{"self":[{"href":"https:\/\/directb2b.ca\/en\/wp-json\/wp\/v2\/pages\/1732","targetHints":{"allow":["GET"]}}],"collection":[{"href":"https:\/\/directb2b.ca\/en\/wp-json\/wp\/v2\/pages"}],"about":[{"href":"https:\/\/directb2b.ca\/en\/wp-json\/wp\/v2\/types\/page"}],"author":[{"embeddable":true,"href":"https:\/\/directb2b.ca\/en\/wp-json\/wp\/v2\/users\/5"}],"replies":[{"embeddable":true,"href":"https:\/\/directb2b.ca\/en\/wp-json\/wp\/v2\/comments?post=1732"}],"version-history":[{"count":10,"href":"https:\/\/directb2b.ca\/en\/wp-json\/wp\/v2\/pages\/1732\/revisions"}],"predecessor-version":[{"id":1745,"href":"https:\/\/directb2b.ca\/en\/wp-json\/wp\/v2\/pages\/1732\/revisions\/1745"}],"wp:featuredmedia":[{"embeddable":true,"href":"https:\/\/directb2b.ca\/en\/wp-json\/wp\/v2\/media\/1719"}],"wp:attachment":[{"href":"https:\/\/directb2b.ca\/en\/wp-json\/wp\/v2\/media?parent=1732"}],"curies":[{"name":"wp","href":"https:\/\/api.w.org\/{rel}","templated":true}]}}