{"id":795,"date":"2022-05-24T14:10:26","date_gmt":"2022-05-24T14:10:26","guid":{"rendered":"https:\/\/directb2b.ca\/prise-en-charge-des-appels-entrants-des-clients-potentiels\/"},"modified":"2022-06-21T07:45:15","modified_gmt":"2022-06-21T07:45:15","slug":"inbound-calls","status":"publish","type":"page","link":"https:\/\/directb2b.ca\/en\/inbound-calls\/","title":{"rendered":"Handling inbound calls from Potential Customers"},"content":{"rendered":"<h1>Handling inbound calls from potential customers<\/h1>\n<p>Do you occasionally have a higher volume of incoming calls from potential customers?<br \/>\n85% of callers don&#8217;t call back if they can&#8217;t reach a real person quickly.<br \/>\nOver 80% of people don&#8217;t leave a message if they reach voicemail.<br \/>\nYou have to be able to respond to potential customers with a human being quickly.<br \/>\nLet Direct B2B handle incoming calls from your potential customers.<\/p>\n<p><iframe title=\"Appels entrants\" width=\"500\" height=\"281\" src=\"https:\/\/www.youtube.com\/embed\/426PRGhHDOM?feature=oembed\" frameborder=\"0\" allow=\"accelerometer; autoplay; clipboard-write; encrypted-media; gyroscope; picture-in-picture; web-share\" referrerpolicy=\"strict-origin-when-cross-origin\" allowfullscreen><\/iframe><\/p>\n<p>&nbsp;<\/p>\n<p>&nbsp;<\/p>\n<p>We can manage<\/p>\n<ul>\n<li>Gathering information for future submissions<\/li>\n<li>The opening of customer files<\/li>\n<li>Making appointments<\/li>\n<li>Email or telephone contact forms<\/li>\n<li>And more&#8230;.<\/li>\n<\/ul>\n<p>Set up a phone extension for your potential customers!<br \/>\nThus, each potential client who approaches you will be treated with priority and the time necessary for a positive first experience that stands out.<\/p>\n<p><a href=\"https:\/\/directb2b.ca\/contact-us\/\">Contact us<\/a> for more information.<\/p>\n","protected":false},"excerpt":{"rendered":"<p>Handling inbound calls from potential customers Do you occasionally have a higher volume of incoming calls from potential customers? 85% of callers don&#8217;t call back if they can&#8217;t reach a real person quickly. Over 80% of people don&#8217;t leave a message if they reach voicemail. You have to be able to respond to potential customers &hellip; <a href=\"https:\/\/directb2b.ca\/en\/inbound-calls\/\" class=\"more-link\">Continue reading<span class=\"screen-reader-text\"> &#8220;Handling inbound calls from Potential Customers&#8221;<\/span><\/a><\/p>\n","protected":false},"author":5,"featured_media":0,"parent":0,"menu_order":0,"comment_status":"closed","ping_status":"closed","template":"","meta":{"_acf_changed":false,"content-type":"","footnotes":""},"class_list":["post-795","page","type-page","status-publish","hentry"],"acf":[],"yoast_head":"<!-- This site is optimized with the Yoast SEO plugin v27.5 - https:\/\/yoast.com\/product\/yoast-seo-wordpress\/ -->\n<title>Handling inbound calls from Potential Customers<\/title>\n<meta name=\"description\" content=\"Find out how our company handles your inbound calls. We are here to help you.\" \/>\n<meta name=\"robots\" content=\"index, follow, max-snippet:-1, max-image-preview:large, max-video-preview:-1\" \/>\n<link rel=\"canonical\" href=\"https:\/\/directb2b.ca\/en\/inbound-calls\/\" \/>\n<meta property=\"og:locale\" content=\"en_US\" \/>\n<meta property=\"og:type\" content=\"article\" \/>\n<meta property=\"og:title\" content=\"Handling inbound calls from Potential Customers\" \/>\n<meta property=\"og:description\" content=\"Find out how our company handles your inbound calls. We are here to help you.\" \/>\n<meta property=\"og:url\" content=\"https:\/\/directb2b.ca\/en\/inbound-calls\/\" \/>\n<meta property=\"og:site_name\" content=\"DIRECT B2B T\u00c9L\u00c9MARKETING\" \/>\n<meta property=\"article:modified_time\" content=\"2022-06-21T07:45:15+00:00\" \/>\n<meta name=\"twitter:card\" content=\"summary_large_image\" \/>\n<meta name=\"twitter:label1\" content=\"Est. reading time\" \/>\n\t<meta name=\"twitter:data1\" content=\"1 minute\" \/>\n<script type=\"application\/ld+json\" class=\"yoast-schema-graph\">{\"@context\":\"https:\\\/\\\/schema.org\",\"@graph\":[{\"@type\":\"WebPage\",\"@id\":\"https:\\\/\\\/directb2b.ca\\\/en\\\/inbound-calls\\\/\",\"url\":\"https:\\\/\\\/directb2b.ca\\\/en\\\/inbound-calls\\\/\",\"name\":\"Handling inbound calls from Potential Customers\",\"isPartOf\":{\"@id\":\"https:\\\/\\\/www.directb2b.ca\\\/en\\\/#website\"},\"datePublished\":\"2022-05-24T14:10:26+00:00\",\"dateModified\":\"2022-06-21T07:45:15+00:00\",\"description\":\"Find out how our company handles your inbound calls. We are here to help you.\",\"breadcrumb\":{\"@id\":\"https:\\\/\\\/directb2b.ca\\\/en\\\/inbound-calls\\\/#breadcrumb\"},\"inLanguage\":\"en-CA\",\"potentialAction\":[{\"@type\":\"ReadAction\",\"target\":[\"https:\\\/\\\/directb2b.ca\\\/en\\\/inbound-calls\\\/\"]}]},{\"@type\":\"BreadcrumbList\",\"@id\":\"https:\\\/\\\/directb2b.ca\\\/en\\\/inbound-calls\\\/#breadcrumb\",\"itemListElement\":[{\"@type\":\"ListItem\",\"position\":1,\"name\":\"Home\",\"item\":\"https:\\\/\\\/www.directb2b.ca\\\/en\\\/\"},{\"@type\":\"ListItem\",\"position\":2,\"name\":\"Handling inbound calls from Potential Customers\"}]},{\"@type\":\"WebSite\",\"@id\":\"https:\\\/\\\/www.directb2b.ca\\\/en\\\/#website\",\"url\":\"https:\\\/\\\/www.directb2b.ca\\\/en\\\/\",\"name\":\"DIRECT B2B T\u00c9L\u00c9MARKETING\",\"description\":\"T\u00e9l\u00e9marketing\",\"potentialAction\":[{\"@type\":\"SearchAction\",\"target\":{\"@type\":\"EntryPoint\",\"urlTemplate\":\"https:\\\/\\\/www.directb2b.ca\\\/en\\\/?s={search_term_string}\"},\"query-input\":{\"@type\":\"PropertyValueSpecification\",\"valueRequired\":true,\"valueName\":\"search_term_string\"}}],\"inLanguage\":\"en-CA\"}]}<\/script>\n<!-- \/ Yoast SEO plugin. -->","yoast_head_json":{"title":"Handling inbound calls from Potential Customers","description":"Find out how our company handles your inbound calls. We are here to help you.","robots":{"index":"index","follow":"follow","max-snippet":"max-snippet:-1","max-image-preview":"max-image-preview:large","max-video-preview":"max-video-preview:-1"},"canonical":"https:\/\/directb2b.ca\/en\/inbound-calls\/","og_locale":"en_US","og_type":"article","og_title":"Handling inbound calls from Potential Customers","og_description":"Find out how our company handles your inbound calls. We are here to help you.","og_url":"https:\/\/directb2b.ca\/en\/inbound-calls\/","og_site_name":"DIRECT B2B T\u00c9L\u00c9MARKETING","article_modified_time":"2022-06-21T07:45:15+00:00","twitter_card":"summary_large_image","twitter_misc":{"Est. reading time":"1 minute"},"schema":{"@context":"https:\/\/schema.org","@graph":[{"@type":"WebPage","@id":"https:\/\/directb2b.ca\/en\/inbound-calls\/","url":"https:\/\/directb2b.ca\/en\/inbound-calls\/","name":"Handling inbound calls from Potential Customers","isPartOf":{"@id":"https:\/\/www.directb2b.ca\/en\/#website"},"datePublished":"2022-05-24T14:10:26+00:00","dateModified":"2022-06-21T07:45:15+00:00","description":"Find out how our company handles your inbound calls. We are here to help you.","breadcrumb":{"@id":"https:\/\/directb2b.ca\/en\/inbound-calls\/#breadcrumb"},"inLanguage":"en-CA","potentialAction":[{"@type":"ReadAction","target":["https:\/\/directb2b.ca\/en\/inbound-calls\/"]}]},{"@type":"BreadcrumbList","@id":"https:\/\/directb2b.ca\/en\/inbound-calls\/#breadcrumb","itemListElement":[{"@type":"ListItem","position":1,"name":"Home","item":"https:\/\/www.directb2b.ca\/en\/"},{"@type":"ListItem","position":2,"name":"Handling inbound calls from Potential Customers"}]},{"@type":"WebSite","@id":"https:\/\/www.directb2b.ca\/en\/#website","url":"https:\/\/www.directb2b.ca\/en\/","name":"DIRECT B2B T\u00c9L\u00c9MARKETING","description":"T\u00e9l\u00e9marketing","potentialAction":[{"@type":"SearchAction","target":{"@type":"EntryPoint","urlTemplate":"https:\/\/www.directb2b.ca\/en\/?s={search_term_string}"},"query-input":{"@type":"PropertyValueSpecification","valueRequired":true,"valueName":"search_term_string"}}],"inLanguage":"en-CA"}]}},"_links":{"self":[{"href":"https:\/\/directb2b.ca\/en\/wp-json\/wp\/v2\/pages\/795","targetHints":{"allow":["GET"]}}],"collection":[{"href":"https:\/\/directb2b.ca\/en\/wp-json\/wp\/v2\/pages"}],"about":[{"href":"https:\/\/directb2b.ca\/en\/wp-json\/wp\/v2\/types\/page"}],"author":[{"embeddable":true,"href":"https:\/\/directb2b.ca\/en\/wp-json\/wp\/v2\/users\/5"}],"replies":[{"embeddable":true,"href":"https:\/\/directb2b.ca\/en\/wp-json\/wp\/v2\/comments?post=795"}],"version-history":[{"count":4,"href":"https:\/\/directb2b.ca\/en\/wp-json\/wp\/v2\/pages\/795\/revisions"}],"predecessor-version":[{"id":929,"href":"https:\/\/directb2b.ca\/en\/wp-json\/wp\/v2\/pages\/795\/revisions\/929"}],"wp:attachment":[{"href":"https:\/\/directb2b.ca\/en\/wp-json\/wp\/v2\/media?parent=795"}],"curies":[{"name":"wp","href":"https:\/\/api.w.org\/{rel}","templated":true}]}}