{"id":875,"date":"2019-08-16T14:53:07","date_gmt":"2019-08-16T14:53:07","guid":{"rendered":"https:\/\/directb2b.ca\/nos-avantages\/"},"modified":"2022-06-21T08:09:41","modified_gmt":"2022-06-21T08:09:41","slug":"our-advantages","status":"publish","type":"page","link":"https:\/\/directb2b.ca\/en\/our-advantages\/","title":{"rendered":"Our advantages"},"content":{"rendered":"<p><img fetchpriority=\"high\" decoding=\"async\" class=\"alignnone size-full wp-image-389\" src=\"https:\/\/directb2b.ca\/wp-content\/uploads\/2019\/08\/team-of-coworkers-PL9WK5B-1.jpg\" alt=\"avantages\" width=\"5760\" height=\"1477\" srcset=\"\/wp-content\/uploads\/2019\/08\/team-of-coworkers-PL9WK5B-1.jpg 5760w, \/wp-content\/uploads\/2019\/08\/team-of-coworkers-PL9WK5B-1-300x77.jpg 300w, \/wp-content\/uploads\/2019\/08\/team-of-coworkers-PL9WK5B-1-768x197.jpg 768w, \/wp-content\/uploads\/2019\/08\/team-of-coworkers-PL9WK5B-1-1024x263.jpg 1024w, \/wp-content\/uploads\/2019\/08\/team-of-coworkers-PL9WK5B-1-1200x308.jpg 1200w\" sizes=\"(max-width: 5760px) 100vw, 5760px\" \/><\/p>\n<p>Since 2005, Direct B2B Telemarketing has been developing and implementing high-quality B2B telephone prospecting campaigns. In our opinion, a campaign can only be successful if it is :<\/p>\n<ul>\n<li><strong>Well thought-out<\/strong> (personalised and well thought-out telephone sales pitch following a strategic meeting, approved by the client)<\/li>\n<li><strong>Well targeted<\/strong> (high quality list precisely targeted according to the selection criteria established during a strategic meeting, approved by the client)<\/li>\n<li><strong>Well executed<\/strong> (experienced resources well trained on the campaign and able to create links with decision-makers via a professional approach with tact, diplomacy and a good dose of psychology).<\/li>\n<\/ul>\n<p>&nbsp;<\/p>\n<h2>Here are the advantages of doing business with Direct B2B Telemarketing:<\/h2>\n<h3>A well thought-out implementation:<\/h3>\n<p>We take great care in analysing the needs of our clients to set up a personalised campaign that supports our clients on a strategic level in an optimal way. An approach strategy, the telephone sales pitch and the list of companies to be contacted will be approved by our client and become their property. The structure of our telephone pitches promotes the setting of well qualified appointments.<\/p>\n<h3>High quality lists:<\/h3>\n<p>Our large in-house database, supported by a network of list providers, allows us to generate high quality lists and thus significantly reduce the time wasted on bad contacts.<\/p>\n<h3>High flexibility:<\/h3>\n<p>Depending on your needs, you can choose between a few hours and 150 hours or more per month, so you have access to a flexible team of specialist resources. This means that you put the effort in at the right time, an extremely important factor in business development.<\/p>\n<h3>Dedicated campaign resources:<\/h3>\n<p>Good training and resources that will stay on throughout the campaign ensure a good learning curve as well as close and effective communication.<\/p>\n<h3>Regular reporting and transparency:<\/h3>\n<p>Regular call summary reports ensure that our clients are always aware of the progress of the campaign. After an APPOINTMENT has been made, our client is informed by email. In addition, an agenda for the client is also updated within minutes. Of course, the enriched database becomes the property of our client and is transmitted to him at the end of the campaign.<\/p>\n<h3>Good references :<\/h3>\n<p>Our expertise is verifiable via the references we have accumulated over the past years.<\/p>\n<h3>Conclusion:<\/h3>\n<p>A pilot project with Direct B2B Telemarketing gives you the chance to test our approach with a relatively small investment. We will do our utmost to increase the chances that the pilot project will be a success and thus obtain a satisfied customer in the long term.<\/p>\n","protected":false},"excerpt":{"rendered":"<p>Since 2005, Direct B2B Telemarketing has been developing and implementing high-quality B2B telephone prospecting campaigns. In our opinion, a campaign can only be successful if it is : Well thought-out (personalised and well thought-out telephone sales pitch following a strategic meeting, approved by the client) Well targeted (high quality list precisely targeted according to the &hellip; <a href=\"https:\/\/directb2b.ca\/en\/our-advantages\/\" class=\"more-link\">Continue reading<span class=\"screen-reader-text\"> &#8220;Our advantages&#8221;<\/span><\/a><\/p>\n","protected":false},"author":5,"featured_media":0,"parent":0,"menu_order":0,"comment_status":"closed","ping_status":"closed","template":"","meta":{"_acf_changed":false,"content-type":"","footnotes":""},"class_list":["post-875","page","type-page","status-publish","hentry"],"acf":[],"yoast_head":"<!-- This site is optimized with the Yoast SEO plugin v27.4 - https:\/\/yoast.com\/product\/yoast-seo-wordpress\/ -->\n<title>The advantages of doing business with DirectB2B<\/title>\n<meta name=\"description\" content=\"Discover the benefits of doing business with DirectB2B for all your call centre, cold calling and business development needs.\" \/>\n<meta name=\"robots\" content=\"index, follow, max-snippet:-1, max-image-preview:large, max-video-preview:-1\" \/>\n<link rel=\"canonical\" href=\"https:\/\/directb2b.ca\/en\/our-advantages\/\" \/>\n<meta property=\"og:locale\" content=\"en_US\" \/>\n<meta property=\"og:type\" content=\"article\" \/>\n<meta property=\"og:title\" content=\"The advantages of doing business with DirectB2B\" \/>\n<meta property=\"og:description\" content=\"Discover the benefits of doing business with DirectB2B for all your call centre, cold calling and business development needs.\" \/>\n<meta property=\"og:url\" content=\"https:\/\/directb2b.ca\/en\/our-advantages\/\" \/>\n<meta property=\"og:site_name\" content=\"DIRECT B2B T\u00c9L\u00c9MARKETING\" \/>\n<meta property=\"article:modified_time\" content=\"2022-06-21T08:09:41+00:00\" \/>\n<meta property=\"og:image\" content=\"https:\/\/directb2b.ca\/wp-content\/uploads\/2019\/08\/team-of-coworkers-PL9WK5B-1.jpg\" \/>\n<meta name=\"twitter:card\" content=\"summary_large_image\" \/>\n<meta name=\"twitter:label1\" content=\"Est. reading time\" \/>\n\t<meta name=\"twitter:data1\" content=\"2 minutes\" \/>\n<script type=\"application\/ld+json\" class=\"yoast-schema-graph\">{\"@context\":\"https:\\\/\\\/schema.org\",\"@graph\":[{\"@type\":\"WebPage\",\"@id\":\"https:\\\/\\\/directb2b.ca\\\/en\\\/our-advantages\\\/\",\"url\":\"https:\\\/\\\/directb2b.ca\\\/en\\\/our-advantages\\\/\",\"name\":\"The advantages of doing business with DirectB2B\",\"isPartOf\":{\"@id\":\"https:\\\/\\\/directb2b.ca\\\/en\\\/#website\"},\"primaryImageOfPage\":{\"@id\":\"https:\\\/\\\/directb2b.ca\\\/en\\\/our-advantages\\\/#primaryimage\"},\"image\":{\"@id\":\"https:\\\/\\\/directb2b.ca\\\/en\\\/our-advantages\\\/#primaryimage\"},\"thumbnailUrl\":\"https:\\\/\\\/directb2b.ca\\\/wp-content\\\/uploads\\\/2019\\\/08\\\/team-of-coworkers-PL9WK5B-1.jpg\",\"datePublished\":\"2019-08-16T14:53:07+00:00\",\"dateModified\":\"2022-06-21T08:09:41+00:00\",\"description\":\"Discover the benefits of doing business with DirectB2B for all your call centre, cold calling and business development needs.\",\"breadcrumb\":{\"@id\":\"https:\\\/\\\/directb2b.ca\\\/en\\\/our-advantages\\\/#breadcrumb\"},\"inLanguage\":\"en-CA\",\"potentialAction\":[{\"@type\":\"ReadAction\",\"target\":[\"https:\\\/\\\/directb2b.ca\\\/en\\\/our-advantages\\\/\"]}]},{\"@type\":\"ImageObject\",\"inLanguage\":\"en-CA\",\"@id\":\"https:\\\/\\\/directb2b.ca\\\/en\\\/our-advantages\\\/#primaryimage\",\"url\":\"https:\\\/\\\/directb2b.ca\\\/wp-content\\\/uploads\\\/2019\\\/08\\\/team-of-coworkers-PL9WK5B-1.jpg\",\"contentUrl\":\"https:\\\/\\\/directb2b.ca\\\/wp-content\\\/uploads\\\/2019\\\/08\\\/team-of-coworkers-PL9WK5B-1.jpg\"},{\"@type\":\"BreadcrumbList\",\"@id\":\"https:\\\/\\\/directb2b.ca\\\/en\\\/our-advantages\\\/#breadcrumb\",\"itemListElement\":[{\"@type\":\"ListItem\",\"position\":1,\"name\":\"Home\",\"item\":\"https:\\\/\\\/www.directb2b.ca\\\/en\\\/\"},{\"@type\":\"ListItem\",\"position\":2,\"name\":\"Our advantages\"}]},{\"@type\":\"WebSite\",\"@id\":\"https:\\\/\\\/directb2b.ca\\\/en\\\/#website\",\"url\":\"https:\\\/\\\/directb2b.ca\\\/en\\\/\",\"name\":\"DIRECT B2B T\u00c9L\u00c9MARKETING\",\"description\":\"T\u00e9l\u00e9marketing\",\"potentialAction\":[{\"@type\":\"SearchAction\",\"target\":{\"@type\":\"EntryPoint\",\"urlTemplate\":\"https:\\\/\\\/directb2b.ca\\\/en\\\/?s={search_term_string}\"},\"query-input\":{\"@type\":\"PropertyValueSpecification\",\"valueRequired\":true,\"valueName\":\"search_term_string\"}}],\"inLanguage\":\"en-CA\"}]}<\/script>\n<!-- \/ Yoast SEO plugin. -->","yoast_head_json":{"title":"The advantages of doing business with DirectB2B","description":"Discover the benefits of doing business with DirectB2B for all your call centre, cold calling and business development needs.","robots":{"index":"index","follow":"follow","max-snippet":"max-snippet:-1","max-image-preview":"max-image-preview:large","max-video-preview":"max-video-preview:-1"},"canonical":"https:\/\/directb2b.ca\/en\/our-advantages\/","og_locale":"en_US","og_type":"article","og_title":"The advantages of doing business with DirectB2B","og_description":"Discover the benefits of doing business with DirectB2B for all your call centre, cold calling and business development needs.","og_url":"https:\/\/directb2b.ca\/en\/our-advantages\/","og_site_name":"DIRECT B2B T\u00c9L\u00c9MARKETING","article_modified_time":"2022-06-21T08:09:41+00:00","og_image":[{"url":"https:\/\/directb2b.ca\/wp-content\/uploads\/2019\/08\/team-of-coworkers-PL9WK5B-1.jpg","type":"","width":"","height":""}],"twitter_card":"summary_large_image","twitter_misc":{"Est. reading time":"2 minutes"},"schema":{"@context":"https:\/\/schema.org","@graph":[{"@type":"WebPage","@id":"https:\/\/directb2b.ca\/en\/our-advantages\/","url":"https:\/\/directb2b.ca\/en\/our-advantages\/","name":"The advantages of doing business with DirectB2B","isPartOf":{"@id":"https:\/\/directb2b.ca\/en\/#website"},"primaryImageOfPage":{"@id":"https:\/\/directb2b.ca\/en\/our-advantages\/#primaryimage"},"image":{"@id":"https:\/\/directb2b.ca\/en\/our-advantages\/#primaryimage"},"thumbnailUrl":"https:\/\/directb2b.ca\/wp-content\/uploads\/2019\/08\/team-of-coworkers-PL9WK5B-1.jpg","datePublished":"2019-08-16T14:53:07+00:00","dateModified":"2022-06-21T08:09:41+00:00","description":"Discover the benefits of doing business with DirectB2B for all your call centre, cold calling and business development needs.","breadcrumb":{"@id":"https:\/\/directb2b.ca\/en\/our-advantages\/#breadcrumb"},"inLanguage":"en-CA","potentialAction":[{"@type":"ReadAction","target":["https:\/\/directb2b.ca\/en\/our-advantages\/"]}]},{"@type":"ImageObject","inLanguage":"en-CA","@id":"https:\/\/directb2b.ca\/en\/our-advantages\/#primaryimage","url":"https:\/\/directb2b.ca\/wp-content\/uploads\/2019\/08\/team-of-coworkers-PL9WK5B-1.jpg","contentUrl":"https:\/\/directb2b.ca\/wp-content\/uploads\/2019\/08\/team-of-coworkers-PL9WK5B-1.jpg"},{"@type":"BreadcrumbList","@id":"https:\/\/directb2b.ca\/en\/our-advantages\/#breadcrumb","itemListElement":[{"@type":"ListItem","position":1,"name":"Home","item":"https:\/\/www.directb2b.ca\/en\/"},{"@type":"ListItem","position":2,"name":"Our advantages"}]},{"@type":"WebSite","@id":"https:\/\/directb2b.ca\/en\/#website","url":"https:\/\/directb2b.ca\/en\/","name":"DIRECT B2B T\u00c9L\u00c9MARKETING","description":"T\u00e9l\u00e9marketing","potentialAction":[{"@type":"SearchAction","target":{"@type":"EntryPoint","urlTemplate":"https:\/\/directb2b.ca\/en\/?s={search_term_string}"},"query-input":{"@type":"PropertyValueSpecification","valueRequired":true,"valueName":"search_term_string"}}],"inLanguage":"en-CA"}]}},"_links":{"self":[{"href":"https:\/\/directb2b.ca\/en\/wp-json\/wp\/v2\/pages\/875","targetHints":{"allow":["GET"]}}],"collection":[{"href":"https:\/\/directb2b.ca\/en\/wp-json\/wp\/v2\/pages"}],"about":[{"href":"https:\/\/directb2b.ca\/en\/wp-json\/wp\/v2\/types\/page"}],"author":[{"embeddable":true,"href":"https:\/\/directb2b.ca\/en\/wp-json\/wp\/v2\/users\/5"}],"replies":[{"embeddable":true,"href":"https:\/\/directb2b.ca\/en\/wp-json\/wp\/v2\/comments?post=875"}],"version-history":[{"count":4,"href":"https:\/\/directb2b.ca\/en\/wp-json\/wp\/v2\/pages\/875\/revisions"}],"predecessor-version":[{"id":940,"href":"https:\/\/directb2b.ca\/en\/wp-json\/wp\/v2\/pages\/875\/revisions\/940"}],"wp:attachment":[{"href":"https:\/\/directb2b.ca\/en\/wp-json\/wp\/v2\/media?parent=875"}],"curies":[{"name":"wp","href":"https:\/\/api.w.org\/{rel}","templated":true}]}}