{"id":884,"date":"2019-05-29T21:22:21","date_gmt":"2019-05-29T21:22:21","guid":{"rendered":"https:\/\/directb2b.ca\/contact\/"},"modified":"2022-07-14T04:55:55","modified_gmt":"2022-07-14T04:55:55","slug":"contact","status":"publish","type":"page","link":"https:\/\/directb2b.ca\/en\/contact\/","title":{"rendered":"Contact-Us"},"content":{"rendered":"<section class=\"module-contact\">\n<div class=\"container\">\n<div class=\"row\">\n<div class=\"col-xs-12 col-md-6 \">\n<h2>CONTACT US<\/h2>\n<p><strong>NEW CUSTOMERS :<\/strong><br \/>\nOlaf Knigge, President, General Manager<br \/>\n514-990-9670<a href=\"mailto:telemarketing@directb2b.ca\"><br \/>\ntelemarketing@directb2b.ca<br \/>\n<\/a><\/p>\n<p><strong>HR AND ADMINISTRATION :<\/strong><br \/>\nLyne Martin, Vice-President<br \/>\n514-990-9670<a href=\"mailto:emplois@directb2b.ca\"><br \/>\nemplois@directb2b.ca<br \/>\n<\/a><\/p>\n<p>&nbsp;<\/p>\n<p><strong>Administrative office and billing:<\/strong><\/p>\n<p>2146, Davidson,<br \/>\nMontr\u00e9al, Qu\u00e9bec,<br \/>\nCanada, H1W 2Y8<\/p>\n<p><strong>Head Office:<\/strong><br \/>\n1579 Delorimier,<br \/>\nRawdon, Qu\u00e9bec,<br \/>\nCanada, J0K 1S0<\/p>\n<\/div>\n<div class=\"col-xs-12 col-md-6 \">\n<h3>CONTACT US<\/h3>\n<div class=\"wpforms-container wpforms-container-full\" id=\"wpforms-849\"><form id=\"wpforms-form-849\" class=\"wpforms-validate wpforms-form\" data-formid=\"849\" method=\"post\" enctype=\"multipart\/form-data\" action=\"\/en\/wp-json\/wp\/v2\/pages\/884\" data-token=\"942a0f8b57d4b28fbd73b4b466cddec5\" data-token-time=\"1775329002\"><noscript class=\"wpforms-error-noscript\">Please enable JavaScript in your browser to complete this form.<\/noscript><div class=\"wpforms-field-container\"><div id=\"wpforms-849-field_5-container\" class=\"wpforms-field wpforms-field-text\" data-field-id=\"5\"><label class=\"wpforms-field-label\" for=\"wpforms-849-field_5\">First and last name <span class=\"wpforms-required-label\">*<\/span><\/label><input type=\"text\" id=\"wpforms-849-field_5\" class=\"wpforms-field-medium wpforms-field-required\" name=\"wpforms[fields][5]\" required><\/div><div id=\"wpforms-849-field_6-container\" class=\"wpforms-field wpforms-field-text\" data-field-id=\"6\"><label class=\"wpforms-field-label\" for=\"wpforms-849-field_6\">Name of the company<\/label><input type=\"text\" id=\"wpforms-849-field_6\" class=\"wpforms-field-medium\" name=\"wpforms[fields][6]\" ><\/div><div id=\"wpforms-849-field_8-container\" class=\"wpforms-field wpforms-field-number\" data-field-id=\"8\"><label class=\"wpforms-field-label\" for=\"wpforms-849-field_8\">Phone number <span class=\"wpforms-required-label\">*<\/span><\/label><input type=\"number\" id=\"wpforms-849-field_8\" class=\"wpforms-field-medium wpforms-field-required\" name=\"wpforms[fields][8]\" step=\"any\" required><\/div><div id=\"wpforms-849-field_1-container\" class=\"wpforms-field wpforms-field-email\" data-field-id=\"1\"><label class=\"wpforms-field-label\" for=\"wpforms-849-field_1\">Email <span class=\"wpforms-required-label\">*<\/span><\/label><input type=\"email\" id=\"wpforms-849-field_1\" class=\"wpforms-field-medium wpforms-field-required\" name=\"wpforms[fields][1]\" spellcheck=\"false\" required><\/div><div id=\"wpforms-849-field_2-container\" class=\"wpforms-field wpforms-field-textarea\" data-field-id=\"2\"><label class=\"wpforms-field-label\" for=\"wpforms-849-field_2\">Message <span class=\"wpforms-required-label\">*<\/span><\/label><textarea id=\"wpforms-849-field_2\" class=\"wpforms-field-medium wpforms-field-required\" name=\"wpforms[fields][2]\" required><\/textarea><\/div><\/div><!-- .wpforms-field-container --><div class=\"wpforms-field wpforms-field-hp\"><label for=\"wpforms-849-field-hp\" class=\"wpforms-field-label\">Message<\/label><input type=\"text\" name=\"wpforms[hp]\" id=\"wpforms-849-field-hp\" class=\"wpforms-field-medium\"><\/div><div class=\"wpforms-recaptcha-container wpforms-is-recaptcha wpforms-is-recaptcha-type-v3\" ><input type=\"hidden\" name=\"wpforms[recaptcha]\" value=\"\"><\/div><div class=\"wpforms-submit-container\" ><input type=\"hidden\" name=\"wpforms[id]\" value=\"849\"><input type=\"hidden\" name=\"page_title\" value=\"\"><input type=\"hidden\" name=\"page_url\" value=\"https:\/\/directb2b.ca\/en\/wp-json\/wp\/v2\/pages\/884\"><input type=\"hidden\" name=\"url_referer\" value=\"\"><button type=\"submit\" name=\"wpforms[submit]\" id=\"wpforms-submit-849\" class=\"wpforms-submit\" data-alt-text=\"Sending...\" data-submit-text=\"Submit\" aria-live=\"assertive\" value=\"wpforms-submit\">Submit<\/button><\/div><\/form><\/div>  <!-- .wpforms-container -->\n<\/div>\n<\/div>\n<\/div>\n<\/section>\n","protected":false},"excerpt":{"rendered":"<p>CONTACT US NEW CUSTOMERS : Olaf Knigge, President, General Manager 514-990-9670 telemarketing@directb2b.ca HR AND ADMINISTRATION : Lyne Martin, Vice-President 514-990-9670 emplois@directb2b.ca &nbsp; Administrative office and billing: 2146, Davidson, Montr\u00e9al, Qu\u00e9bec, Canada, H1W 2Y8 Head Office: 1579 Delorimier, Rawdon, Qu\u00e9bec, Canada, J0K 1S0 CONTACT US<\/p>\n","protected":false},"author":5,"featured_media":0,"parent":0,"menu_order":0,"comment_status":"closed","ping_status":"closed","template":"","meta":{"_acf_changed":false,"content-type":"","footnotes":""},"class_list":["post-884","page","type-page","status-publish","hentry"],"acf":[],"yoast_head":"<!-- This site is optimized with the Yoast SEO plugin v27.3 - https:\/\/yoast.com\/product\/yoast-seo-wordpress\/ -->\n<title>Contact Us | Direct B2B Telemarketing<\/title>\n<meta name=\"description\" content=\"Our contact information to reach us. We will contact you shortly.\" \/>\n<meta name=\"robots\" content=\"index, follow, max-snippet:-1, max-image-preview:large, max-video-preview:-1\" \/>\n<link rel=\"canonical\" href=\"https:\/\/directb2b.ca\/en\/contact\/\" \/>\n<meta property=\"og:locale\" content=\"en_US\" \/>\n<meta property=\"og:type\" content=\"article\" \/>\n<meta property=\"og:title\" content=\"Contact Us | Direct B2B Telemarketing\" \/>\n<meta property=\"og:description\" content=\"Our contact information to reach us. We will contact you shortly.\" \/>\n<meta property=\"og:url\" content=\"https:\/\/directb2b.ca\/en\/contact\/\" \/>\n<meta property=\"og:site_name\" content=\"DIRECT B2B T\u00c9L\u00c9MARKETING\" \/>\n<meta property=\"article:modified_time\" content=\"2022-07-14T04:55:55+00:00\" \/>\n<meta name=\"twitter:card\" content=\"summary_large_image\" \/>\n<script type=\"application\/ld+json\" class=\"yoast-schema-graph\">{\"@context\":\"https:\\\/\\\/schema.org\",\"@graph\":[{\"@type\":\"WebPage\",\"@id\":\"https:\\\/\\\/directb2b.ca\\\/en\\\/contact\\\/\",\"url\":\"https:\\\/\\\/directb2b.ca\\\/en\\\/contact\\\/\",\"name\":\"Contact Us | Direct B2B Telemarketing\",\"isPartOf\":{\"@id\":\"https:\\\/\\\/www.directb2b.ca\\\/en\\\/#website\"},\"datePublished\":\"2019-05-29T21:22:21+00:00\",\"dateModified\":\"2022-07-14T04:55:55+00:00\",\"description\":\"Our contact information to reach us. We will contact you shortly.\",\"breadcrumb\":{\"@id\":\"https:\\\/\\\/directb2b.ca\\\/en\\\/contact\\\/#breadcrumb\"},\"inLanguage\":\"en-CA\",\"potentialAction\":[{\"@type\":\"ReadAction\",\"target\":[\"https:\\\/\\\/directb2b.ca\\\/en\\\/contact\\\/\"]}]},{\"@type\":\"BreadcrumbList\",\"@id\":\"https:\\\/\\\/directb2b.ca\\\/en\\\/contact\\\/#breadcrumb\",\"itemListElement\":[{\"@type\":\"ListItem\",\"position\":1,\"name\":\"Home\",\"item\":\"https:\\\/\\\/www.directb2b.ca\\\/en\\\/\"},{\"@type\":\"ListItem\",\"position\":2,\"name\":\"Contact-Us\"}]},{\"@type\":\"WebSite\",\"@id\":\"https:\\\/\\\/www.directb2b.ca\\\/en\\\/#website\",\"url\":\"https:\\\/\\\/www.directb2b.ca\\\/en\\\/\",\"name\":\"DIRECT B2B T\u00c9L\u00c9MARKETING\",\"description\":\"T\u00e9l\u00e9marketing\",\"potentialAction\":[{\"@type\":\"SearchAction\",\"target\":{\"@type\":\"EntryPoint\",\"urlTemplate\":\"https:\\\/\\\/www.directb2b.ca\\\/en\\\/?s={search_term_string}\"},\"query-input\":{\"@type\":\"PropertyValueSpecification\",\"valueRequired\":true,\"valueName\":\"search_term_string\"}}],\"inLanguage\":\"en-CA\"}]}<\/script>\n<!-- \/ Yoast SEO plugin. -->","yoast_head_json":{"title":"Contact Us | Direct B2B Telemarketing","description":"Our contact information to reach us. We will contact you shortly.","robots":{"index":"index","follow":"follow","max-snippet":"max-snippet:-1","max-image-preview":"max-image-preview:large","max-video-preview":"max-video-preview:-1"},"canonical":"https:\/\/directb2b.ca\/en\/contact\/","og_locale":"en_US","og_type":"article","og_title":"Contact Us | Direct B2B Telemarketing","og_description":"Our contact information to reach us. We will contact you shortly.","og_url":"https:\/\/directb2b.ca\/en\/contact\/","og_site_name":"DIRECT B2B T\u00c9L\u00c9MARKETING","article_modified_time":"2022-07-14T04:55:55+00:00","twitter_card":"summary_large_image","schema":{"@context":"https:\/\/schema.org","@graph":[{"@type":"WebPage","@id":"https:\/\/directb2b.ca\/en\/contact\/","url":"https:\/\/directb2b.ca\/en\/contact\/","name":"Contact Us | Direct B2B Telemarketing","isPartOf":{"@id":"https:\/\/www.directb2b.ca\/en\/#website"},"datePublished":"2019-05-29T21:22:21+00:00","dateModified":"2022-07-14T04:55:55+00:00","description":"Our contact information to reach us. We will contact you shortly.","breadcrumb":{"@id":"https:\/\/directb2b.ca\/en\/contact\/#breadcrumb"},"inLanguage":"en-CA","potentialAction":[{"@type":"ReadAction","target":["https:\/\/directb2b.ca\/en\/contact\/"]}]},{"@type":"BreadcrumbList","@id":"https:\/\/directb2b.ca\/en\/contact\/#breadcrumb","itemListElement":[{"@type":"ListItem","position":1,"name":"Home","item":"https:\/\/www.directb2b.ca\/en\/"},{"@type":"ListItem","position":2,"name":"Contact-Us"}]},{"@type":"WebSite","@id":"https:\/\/www.directb2b.ca\/en\/#website","url":"https:\/\/www.directb2b.ca\/en\/","name":"DIRECT B2B T\u00c9L\u00c9MARKETING","description":"T\u00e9l\u00e9marketing","potentialAction":[{"@type":"SearchAction","target":{"@type":"EntryPoint","urlTemplate":"https:\/\/www.directb2b.ca\/en\/?s={search_term_string}"},"query-input":{"@type":"PropertyValueSpecification","valueRequired":true,"valueName":"search_term_string"}}],"inLanguage":"en-CA"}]}},"_links":{"self":[{"href":"https:\/\/directb2b.ca\/en\/wp-json\/wp\/v2\/pages\/884","targetHints":{"allow":["GET"]}}],"collection":[{"href":"https:\/\/directb2b.ca\/en\/wp-json\/wp\/v2\/pages"}],"about":[{"href":"https:\/\/directb2b.ca\/en\/wp-json\/wp\/v2\/types\/page"}],"author":[{"embeddable":true,"href":"https:\/\/directb2b.ca\/en\/wp-json\/wp\/v2\/users\/5"}],"replies":[{"embeddable":true,"href":"https:\/\/directb2b.ca\/en\/wp-json\/wp\/v2\/comments?post=884"}],"version-history":[{"count":3,"href":"https:\/\/directb2b.ca\/en\/wp-json\/wp\/v2\/pages\/884\/revisions"}],"predecessor-version":[{"id":1241,"href":"https:\/\/directb2b.ca\/en\/wp-json\/wp\/v2\/pages\/884\/revisions\/1241"}],"wp:attachment":[{"href":"https:\/\/directb2b.ca\/en\/wp-json\/wp\/v2\/media?parent=884"}],"curies":[{"name":"wp","href":"https:\/\/api.w.org\/{rel}","templated":true}]}}